{"id":2366,"date":"2023-03-06T15:09:32","date_gmt":"2023-03-06T07:09:32","guid":{"rendered":"https:\/\/kagenveneer.com\/product\/rosewood\/"},"modified":"2023-03-24T11:10:34","modified_gmt":"2023-03-24T03:10:34","slug":"rosewood","status":"publish","type":"product","link":"https:\/\/kagenveneer.com\/vi\/product\/rosewood\/","title":{"rendered":"G\u1ed7 c\u1ea9m lai"},"content":{"rendered":"<p>G\u1ed7 c\u1ea9m lai: G\u1ed7 c\u1ea9m lai th\u01b0\u1eddng \u0111\u01b0\u1ee3c s\u1eed d\u1ee5ng trong c\u00e1c thi\u1ebft k\u1ebf n\u1ed9i th\u1ea5t cao c\u1ea5p, ch\u1eb3ng h\u1ea1n nh\u01b0 t\u1ee7, b\u00e0n v\u00e0 b\u00e0n. N\u00f3 c\u0169ng th\u01b0\u1eddng \u0111\u01b0\u1ee3c s\u1eed d\u1ee5ng trong c\u00e1c nh\u1ea1c c\u1ee5, ch\u1eb3ng h\u1ea1n nh\u01b0 guitar v\u00e0 piano.<\/p>\n","protected":false},"excerpt":{"rendered":"<p>G\u1ed7 c\u1ea9m lai: G\u1ed7 c\u1ea9m lai l\u00e0 lo\u1ea1i g\u1ed7 c\u00f3 k\u1ebft c\u1ea5u g\u1ed7 m\u00e0u n\u00e2u \u0111\u1ecf, c\u00f3 \u0111\u01b0\u1eddng v\u00e2n r\u00f5 r\u1ec7t v\u00e0 v\u1ebb ngo\u00e0i \u1ea5m \u00e1p, phong ph\u00fa. N\u00f3 th\u01b0\u1eddng \u0111\u01b0\u1ee3c s\u1eed d\u1ee5ng trong \u0111\u1ed3 n\u1ed9i th\u1ea5t, nh\u1ea1c c\u1ee5 v\u00e0 \u0111\u1ed3 trang tr\u00ed.<\/p>\n","protected":false},"featured_media":1958,"template":"","meta":{"inline_featured_image":false},"product_cat":[101,111],"product_tag":[],"class_list":["post-2366","product","type-product","status-publish","has-post-thumbnail","hentry","product_cat-woodgrain-paper-vi","product_cat-rosewood-vi"],"acf":[],"yoast_head":"<!-- This site is optimized with the Yoast SEO plugin v20.2.1 - https:\/\/yoast.com\/wordpress\/plugins\/seo\/ -->\n<title>G\u1ed7 c\u1ea9m lai - \u5609\u6e90\u88dd\u98fe\u6750\u6599<\/title>\n<meta name=\"robots\" content=\"index, follow, max-snippet:-1, max-image-preview:large, max-video-preview:-1\" \/>\n<link rel=\"canonical\" href=\"https:\/\/kagenveneer.com\/vi\/product\/rosewood\/\" \/>\n<meta property=\"og:locale\" content=\"vi_VN\" \/>\n<meta property=\"og:type\" content=\"article\" \/>\n<meta property=\"og:title\" content=\"G\u1ed7 c\u1ea9m lai - \u5609\u6e90\u88dd\u98fe\u6750\u6599\" \/>\n<meta property=\"og:description\" content=\"G\u1ed7 c\u1ea9m lai: G\u1ed7 c\u1ea9m lai l\u00e0 lo\u1ea1i g\u1ed7 c\u00f3 k\u1ebft c\u1ea5u g\u1ed7 m\u00e0u n\u00e2u \u0111\u1ecf, c\u00f3 \u0111\u01b0\u1eddng v\u00e2n r\u00f5 r\u1ec7t v\u00e0 v\u1ebb ngo\u00e0i \u1ea5m \u00e1p, phong ph\u00fa. N\u00f3 th\u01b0\u1eddng \u0111\u01b0\u1ee3c s\u1eed d\u1ee5ng trong \u0111\u1ed3 n\u1ed9i th\u1ea5t, nh\u1ea1c c\u1ee5 v\u00e0 \u0111\u1ed3 trang tr\u00ed.\" \/>\n<meta property=\"og:url\" content=\"https:\/\/kagenveneer.com\/vi\/product\/rosewood\/\" \/>\n<meta property=\"og:site_name\" content=\"\u5609\u6e90\u88dd\u98fe\u6750\u6599\" \/>\n<meta property=\"article:modified_time\" content=\"2023-03-24T03:10:34+00:00\" \/>\n<meta property=\"og:image\" content=\"https:\/\/kagenveneer.com\/wp-content\/uploads\/2023\/03\/D1-008.jpg\" \/>\n\t<meta property=\"og:image:width\" content=\"1000\" \/>\n\t<meta property=\"og:image:height\" content=\"1000\" \/>\n\t<meta property=\"og:image:type\" content=\"image\/jpeg\" \/>\n<meta name=\"twitter:card\" content=\"summary_large_image\" \/>\n<meta name=\"twitter:label1\" content=\"Est. reading time\" \/>\n\t<meta name=\"twitter:data1\" content=\"1 minute\" \/>\n<script type=\"application\/ld+json\" class=\"yoast-schema-graph\">{\"@context\":\"https:\/\/schema.org\",\"@graph\":[{\"@type\":\"WebPage\",\"@id\":\"https:\/\/kagenveneer.com\/vi\/product\/rosewood\/\",\"url\":\"https:\/\/kagenveneer.com\/vi\/product\/rosewood\/\",\"name\":\"G\u1ed7 c\u1ea9m lai - \u5609\u6e90\u88dd\u98fe\u6750\u6599\",\"isPartOf\":{\"@id\":\"https:\/\/kagenveneer.com\/vi\/#website\"},\"datePublished\":\"2023-03-06T07:09:32+00:00\",\"dateModified\":\"2023-03-24T03:10:34+00:00\",\"breadcrumb\":{\"@id\":\"https:\/\/kagenveneer.com\/vi\/product\/rosewood\/#breadcrumb\"},\"inLanguage\":\"vi-VN\",\"potentialAction\":[{\"@type\":\"ReadAction\",\"target\":[\"https:\/\/kagenveneer.com\/vi\/product\/rosewood\/\"]}]},{\"@type\":\"BreadcrumbList\",\"@id\":\"https:\/\/kagenveneer.com\/vi\/product\/rosewood\/#breadcrumb\",\"itemListElement\":[{\"@type\":\"ListItem\",\"position\":1,\"name\":\"\u9996\u9801\",\"item\":\"https:\/\/kagenveneer.com\/vi\/\"},{\"@type\":\"ListItem\",\"position\":2,\"name\":\"Product\",\"item\":\"https:\/\/kagenveneer.com\/shop\/\"},{\"@type\":\"ListItem\",\"position\":3,\"name\":\"gi\u1ea5y v\u00e2n g\u1ed7\",\"item\":\"https:\/\/kagenveneer.com\/vi\/product-category\/woodgrain-paper-vi\/\"},{\"@type\":\"ListItem\",\"position\":4,\"name\":\"G\u1ed7 c\u1ea9m lai\"}]},{\"@type\":\"WebSite\",\"@id\":\"https:\/\/kagenveneer.com\/vi\/#website\",\"url\":\"https:\/\/kagenveneer.com\/vi\/\",\"name\":\"\u5609\u6e90\u88dd\u98fe\u6750\u6599\",\"description\":\"\",\"publisher\":{\"@id\":\"https:\/\/kagenveneer.com\/vi\/#organization\"},\"potentialAction\":[{\"@type\":\"SearchAction\",\"target\":{\"@type\":\"EntryPoint\",\"urlTemplate\":\"https:\/\/kagenveneer.com\/vi\/?s={search_term_string}\"},\"query-input\":\"required name=search_term_string\"}],\"inLanguage\":\"vi-VN\"},{\"@type\":\"Organization\",\"@id\":\"https:\/\/kagenveneer.com\/vi\/#organization\",\"name\":\"\u5609\u6e90\u88dd\u98fe\u6750\u6599\",\"url\":\"https:\/\/kagenveneer.com\/vi\/\",\"logo\":{\"@type\":\"ImageObject\",\"inLanguage\":\"vi-VN\",\"@id\":\"https:\/\/kagenveneer.com\/vi\/#\/schema\/logo\/image\/\",\"url\":\"https:\/\/kagenveneer.com\/wp-content\/uploads\/2023\/03\/kagen-696x696-1.png\",\"contentUrl\":\"https:\/\/kagenveneer.com\/wp-content\/uploads\/2023\/03\/kagen-696x696-1.png\",\"width\":696,\"height\":696,\"caption\":\"\u5609\u6e90\u88dd\u98fe\u6750\u6599\"},\"image\":{\"@id\":\"https:\/\/kagenveneer.com\/vi\/#\/schema\/logo\/image\/\"}}]}<\/script>\n<!-- \/ Yoast SEO plugin. -->","yoast_head_json":{"title":"G\u1ed7 c\u1ea9m lai - \u5609\u6e90\u88dd\u98fe\u6750\u6599","robots":{"index":"index","follow":"follow","max-snippet":"max-snippet:-1","max-image-preview":"max-image-preview:large","max-video-preview":"max-video-preview:-1"},"canonical":"https:\/\/kagenveneer.com\/vi\/product\/rosewood\/","og_locale":"vi_VN","og_type":"article","og_title":"G\u1ed7 c\u1ea9m lai - \u5609\u6e90\u88dd\u98fe\u6750\u6599","og_description":"G\u1ed7 c\u1ea9m lai: G\u1ed7 c\u1ea9m lai l\u00e0 lo\u1ea1i g\u1ed7 c\u00f3 k\u1ebft c\u1ea5u g\u1ed7 m\u00e0u n\u00e2u \u0111\u1ecf, c\u00f3 \u0111\u01b0\u1eddng v\u00e2n r\u00f5 r\u1ec7t v\u00e0 v\u1ebb ngo\u00e0i \u1ea5m \u00e1p, phong ph\u00fa. N\u00f3 th\u01b0\u1eddng \u0111\u01b0\u1ee3c s\u1eed d\u1ee5ng trong \u0111\u1ed3 n\u1ed9i th\u1ea5t, nh\u1ea1c c\u1ee5 v\u00e0 \u0111\u1ed3 trang tr\u00ed.","og_url":"https:\/\/kagenveneer.com\/vi\/product\/rosewood\/","og_site_name":"\u5609\u6e90\u88dd\u98fe\u6750\u6599","article_modified_time":"2023-03-24T03:10:34+00:00","og_image":[{"width":1000,"height":1000,"url":"https:\/\/kagenveneer.com\/wp-content\/uploads\/2023\/03\/D1-008.jpg","type":"image\/jpeg"}],"twitter_card":"summary_large_image","twitter_misc":{"Est. reading time":"1 minute"},"schema":{"@context":"https:\/\/schema.org","@graph":[{"@type":"WebPage","@id":"https:\/\/kagenveneer.com\/vi\/product\/rosewood\/","url":"https:\/\/kagenveneer.com\/vi\/product\/rosewood\/","name":"G\u1ed7 c\u1ea9m lai - \u5609\u6e90\u88dd\u98fe\u6750\u6599","isPartOf":{"@id":"https:\/\/kagenveneer.com\/vi\/#website"},"datePublished":"2023-03-06T07:09:32+00:00","dateModified":"2023-03-24T03:10:34+00:00","breadcrumb":{"@id":"https:\/\/kagenveneer.com\/vi\/product\/rosewood\/#breadcrumb"},"inLanguage":"vi-VN","potentialAction":[{"@type":"ReadAction","target":["https:\/\/kagenveneer.com\/vi\/product\/rosewood\/"]}]},{"@type":"BreadcrumbList","@id":"https:\/\/kagenveneer.com\/vi\/product\/rosewood\/#breadcrumb","itemListElement":[{"@type":"ListItem","position":1,"name":"\u9996\u9801","item":"https:\/\/kagenveneer.com\/vi\/"},{"@type":"ListItem","position":2,"name":"Product","item":"https:\/\/kagenveneer.com\/shop\/"},{"@type":"ListItem","position":3,"name":"gi\u1ea5y v\u00e2n g\u1ed7","item":"https:\/\/kagenveneer.com\/vi\/product-category\/woodgrain-paper-vi\/"},{"@type":"ListItem","position":4,"name":"G\u1ed7 c\u1ea9m lai"}]},{"@type":"WebSite","@id":"https:\/\/kagenveneer.com\/vi\/#website","url":"https:\/\/kagenveneer.com\/vi\/","name":"\u5609\u6e90\u88dd\u98fe\u6750\u6599","description":"","publisher":{"@id":"https:\/\/kagenveneer.com\/vi\/#organization"},"potentialAction":[{"@type":"SearchAction","target":{"@type":"EntryPoint","urlTemplate":"https:\/\/kagenveneer.com\/vi\/?s={search_term_string}"},"query-input":"required name=search_term_string"}],"inLanguage":"vi-VN"},{"@type":"Organization","@id":"https:\/\/kagenveneer.com\/vi\/#organization","name":"\u5609\u6e90\u88dd\u98fe\u6750\u6599","url":"https:\/\/kagenveneer.com\/vi\/","logo":{"@type":"ImageObject","inLanguage":"vi-VN","@id":"https:\/\/kagenveneer.com\/vi\/#\/schema\/logo\/image\/","url":"https:\/\/kagenveneer.com\/wp-content\/uploads\/2023\/03\/kagen-696x696-1.png","contentUrl":"https:\/\/kagenveneer.com\/wp-content\/uploads\/2023\/03\/kagen-696x696-1.png","width":696,"height":696,"caption":"\u5609\u6e90\u88dd\u98fe\u6750\u6599"},"image":{"@id":"https:\/\/kagenveneer.com\/vi\/#\/schema\/logo\/image\/"}}]}},"_links":{"self":[{"href":"https:\/\/kagenveneer.com\/vi\/wp-json\/wp\/v2\/product\/2366","targetHints":{"allow":["GET"]}}],"collection":[{"href":"https:\/\/kagenveneer.com\/vi\/wp-json\/wp\/v2\/product"}],"about":[{"href":"https:\/\/kagenveneer.com\/vi\/wp-json\/wp\/v2\/types\/product"}],"wp:featuredmedia":[{"embeddable":true,"href":"https:\/\/kagenveneer.com\/vi\/wp-json\/wp\/v2\/media\/1958"}],"wp:attachment":[{"href":"https:\/\/kagenveneer.com\/vi\/wp-json\/wp\/v2\/media?parent=2366"}],"wp:term":[{"taxonomy":"product_cat","embeddable":true,"href":"https:\/\/kagenveneer.com\/vi\/wp-json\/wp\/v2\/product_cat?post=2366"},{"taxonomy":"product_tag","embeddable":true,"href":"https:\/\/kagenveneer.com\/vi\/wp-json\/wp\/v2\/product_tag?post=2366"}],"curies":[{"name":"wp","href":"https:\/\/api.w.org\/{rel}","templated":true}]}}