{"id":2361,"date":"2023-03-06T15:11:14","date_gmt":"2023-03-06T07:11:14","guid":{"rendered":"https:\/\/kagenveneer.com\/product\/birch\/"},"modified":"2023-03-24T11:10:06","modified_gmt":"2023-03-24T03:10:06","slug":"birch","status":"publish","type":"product","link":"https:\/\/kagenveneer.com\/vi\/product\/birch\/","title":{"rendered":"B\u1ea1ch d\u01b0\u01a1ng"},"content":{"rendered":"<p>G\u1ed7 B\u1ea1ch D\u01b0\u01a1ng: G\u1ed7 b\u1ea1ch d\u01b0\u01a1ng th\u01b0\u1eddng \u0111\u01b0\u1ee3c s\u1eed d\u1ee5ng trong c\u00e1c thi\u1ebft k\u1ebf \u0111\u1ed3 n\u1ed9i th\u1ea5t, nh\u01b0 b\u00e0n l\u00e0m vi\u1ec7c, t\u1ee7 v\u00e0 k\u1ec7 s\u00e1ch. N\u00f3 c\u0169ng \u0111\u01b0\u1ee3c \u01b0a chu\u1ed9ng \u0111\u1ec3 l\u00e1t s\u00e0n v\u00e0 \u1ed1p t\u01b0\u1eddng.<\/p>\n","protected":false},"excerpt":{"rendered":"<p>B\u1ea1ch d\u01b0\u01a1ng: B\u1ea1ch d\u01b0\u01a1ng l\u00e0 lo\u1ea1i g\u1ed7 c\u00f3 k\u1ebft c\u1ea5u v\u00e2n g\u1ed7 nh\u1eb9 v\u1edbi th\u1edb m\u1ecbn, \u0111\u1ec1u. N\u00f3 th\u01b0\u1eddng \u0111\u01b0\u1ee3c s\u1eed d\u1ee5ng trong \u0111\u1ed3 n\u1ed9i th\u1ea5t, t\u1ee7 v\u00e0 s\u00e0n nh\u00e0.<\/p>\n","protected":false},"featured_media":1967,"template":"","meta":{"inline_featured_image":false},"product_cat":[101,106],"product_tag":[],"class_list":["post-2361","product","type-product","status-publish","has-post-thumbnail","hentry","product_cat-woodgrain-paper-vi","product_cat-birch-vi"],"acf":[],"yoast_head":"<!-- This site is optimized with the Yoast SEO plugin v20.2.1 - https:\/\/yoast.com\/wordpress\/plugins\/seo\/ -->\n<title>B\u1ea1ch d\u01b0\u01a1ng - \u5609\u6e90\u88dd\u98fe\u6750\u6599<\/title>\n<meta name=\"robots\" content=\"index, follow, max-snippet:-1, max-image-preview:large, max-video-preview:-1\" \/>\n<link rel=\"canonical\" href=\"https:\/\/kagenveneer.com\/vi\/product\/birch\/\" \/>\n<meta property=\"og:locale\" content=\"vi_VN\" \/>\n<meta property=\"og:type\" content=\"article\" \/>\n<meta property=\"og:title\" content=\"B\u1ea1ch d\u01b0\u01a1ng - \u5609\u6e90\u88dd\u98fe\u6750\u6599\" \/>\n<meta property=\"og:description\" content=\"B\u1ea1ch d\u01b0\u01a1ng: B\u1ea1ch d\u01b0\u01a1ng l\u00e0 lo\u1ea1i g\u1ed7 c\u00f3 k\u1ebft c\u1ea5u v\u00e2n g\u1ed7 nh\u1eb9 v\u1edbi th\u1edb m\u1ecbn, \u0111\u1ec1u. N\u00f3 th\u01b0\u1eddng \u0111\u01b0\u1ee3c s\u1eed d\u1ee5ng trong \u0111\u1ed3 n\u1ed9i th\u1ea5t, t\u1ee7 v\u00e0 s\u00e0n nh\u00e0.\" \/>\n<meta property=\"og:url\" content=\"https:\/\/kagenveneer.com\/vi\/product\/birch\/\" \/>\n<meta property=\"og:site_name\" content=\"\u5609\u6e90\u88dd\u98fe\u6750\u6599\" \/>\n<meta property=\"article:modified_time\" content=\"2023-03-24T03:10:06+00:00\" \/>\n<meta property=\"og:image\" content=\"https:\/\/kagenveneer.com\/wp-content\/uploads\/2023\/03\/D1-010-1.jpg\" \/>\n\t<meta property=\"og:image:width\" content=\"1000\" \/>\n\t<meta property=\"og:image:height\" content=\"1000\" \/>\n\t<meta property=\"og:image:type\" content=\"image\/jpeg\" \/>\n<meta name=\"twitter:card\" content=\"summary_large_image\" \/>\n<meta name=\"twitter:label1\" content=\"Est. reading time\" \/>\n\t<meta name=\"twitter:data1\" content=\"1 minute\" \/>\n<script type=\"application\/ld+json\" class=\"yoast-schema-graph\">{\"@context\":\"https:\/\/schema.org\",\"@graph\":[{\"@type\":\"WebPage\",\"@id\":\"https:\/\/kagenveneer.com\/vi\/product\/birch\/\",\"url\":\"https:\/\/kagenveneer.com\/vi\/product\/birch\/\",\"name\":\"B\u1ea1ch d\u01b0\u01a1ng - \u5609\u6e90\u88dd\u98fe\u6750\u6599\",\"isPartOf\":{\"@id\":\"https:\/\/kagenveneer.com\/vi\/#website\"},\"datePublished\":\"2023-03-06T07:11:14+00:00\",\"dateModified\":\"2023-03-24T03:10:06+00:00\",\"breadcrumb\":{\"@id\":\"https:\/\/kagenveneer.com\/vi\/product\/birch\/#breadcrumb\"},\"inLanguage\":\"vi-VN\",\"potentialAction\":[{\"@type\":\"ReadAction\",\"target\":[\"https:\/\/kagenveneer.com\/vi\/product\/birch\/\"]}]},{\"@type\":\"BreadcrumbList\",\"@id\":\"https:\/\/kagenveneer.com\/vi\/product\/birch\/#breadcrumb\",\"itemListElement\":[{\"@type\":\"ListItem\",\"position\":1,\"name\":\"\u9996\u9801\",\"item\":\"https:\/\/kagenveneer.com\/vi\/\"},{\"@type\":\"ListItem\",\"position\":2,\"name\":\"Product\",\"item\":\"https:\/\/kagenveneer.com\/shop\/\"},{\"@type\":\"ListItem\",\"position\":3,\"name\":\"gi\u1ea5y v\u00e2n g\u1ed7\",\"item\":\"https:\/\/kagenveneer.com\/vi\/product-category\/woodgrain-paper-vi\/\"},{\"@type\":\"ListItem\",\"position\":4,\"name\":\"B\u1ea1ch d\u01b0\u01a1ng\"}]},{\"@type\":\"WebSite\",\"@id\":\"https:\/\/kagenveneer.com\/vi\/#website\",\"url\":\"https:\/\/kagenveneer.com\/vi\/\",\"name\":\"\u5609\u6e90\u88dd\u98fe\u6750\u6599\",\"description\":\"\",\"publisher\":{\"@id\":\"https:\/\/kagenveneer.com\/vi\/#organization\"},\"potentialAction\":[{\"@type\":\"SearchAction\",\"target\":{\"@type\":\"EntryPoint\",\"urlTemplate\":\"https:\/\/kagenveneer.com\/vi\/?s={search_term_string}\"},\"query-input\":\"required name=search_term_string\"}],\"inLanguage\":\"vi-VN\"},{\"@type\":\"Organization\",\"@id\":\"https:\/\/kagenveneer.com\/vi\/#organization\",\"name\":\"\u5609\u6e90\u88dd\u98fe\u6750\u6599\",\"url\":\"https:\/\/kagenveneer.com\/vi\/\",\"logo\":{\"@type\":\"ImageObject\",\"inLanguage\":\"vi-VN\",\"@id\":\"https:\/\/kagenveneer.com\/vi\/#\/schema\/logo\/image\/\",\"url\":\"https:\/\/kagenveneer.com\/wp-content\/uploads\/2023\/03\/kagen-696x696-1.png\",\"contentUrl\":\"https:\/\/kagenveneer.com\/wp-content\/uploads\/2023\/03\/kagen-696x696-1.png\",\"width\":696,\"height\":696,\"caption\":\"\u5609\u6e90\u88dd\u98fe\u6750\u6599\"},\"image\":{\"@id\":\"https:\/\/kagenveneer.com\/vi\/#\/schema\/logo\/image\/\"}}]}<\/script>\n<!-- \/ Yoast SEO plugin. -->","yoast_head_json":{"title":"B\u1ea1ch d\u01b0\u01a1ng - \u5609\u6e90\u88dd\u98fe\u6750\u6599","robots":{"index":"index","follow":"follow","max-snippet":"max-snippet:-1","max-image-preview":"max-image-preview:large","max-video-preview":"max-video-preview:-1"},"canonical":"https:\/\/kagenveneer.com\/vi\/product\/birch\/","og_locale":"vi_VN","og_type":"article","og_title":"B\u1ea1ch d\u01b0\u01a1ng - \u5609\u6e90\u88dd\u98fe\u6750\u6599","og_description":"B\u1ea1ch d\u01b0\u01a1ng: B\u1ea1ch d\u01b0\u01a1ng l\u00e0 lo\u1ea1i g\u1ed7 c\u00f3 k\u1ebft c\u1ea5u v\u00e2n g\u1ed7 nh\u1eb9 v\u1edbi th\u1edb m\u1ecbn, \u0111\u1ec1u. N\u00f3 th\u01b0\u1eddng \u0111\u01b0\u1ee3c s\u1eed d\u1ee5ng trong \u0111\u1ed3 n\u1ed9i th\u1ea5t, t\u1ee7 v\u00e0 s\u00e0n nh\u00e0.","og_url":"https:\/\/kagenveneer.com\/vi\/product\/birch\/","og_site_name":"\u5609\u6e90\u88dd\u98fe\u6750\u6599","article_modified_time":"2023-03-24T03:10:06+00:00","og_image":[{"width":1000,"height":1000,"url":"https:\/\/kagenveneer.com\/wp-content\/uploads\/2023\/03\/D1-010-1.jpg","type":"image\/jpeg"}],"twitter_card":"summary_large_image","twitter_misc":{"Est. reading time":"1 minute"},"schema":{"@context":"https:\/\/schema.org","@graph":[{"@type":"WebPage","@id":"https:\/\/kagenveneer.com\/vi\/product\/birch\/","url":"https:\/\/kagenveneer.com\/vi\/product\/birch\/","name":"B\u1ea1ch d\u01b0\u01a1ng - \u5609\u6e90\u88dd\u98fe\u6750\u6599","isPartOf":{"@id":"https:\/\/kagenveneer.com\/vi\/#website"},"datePublished":"2023-03-06T07:11:14+00:00","dateModified":"2023-03-24T03:10:06+00:00","breadcrumb":{"@id":"https:\/\/kagenveneer.com\/vi\/product\/birch\/#breadcrumb"},"inLanguage":"vi-VN","potentialAction":[{"@type":"ReadAction","target":["https:\/\/kagenveneer.com\/vi\/product\/birch\/"]}]},{"@type":"BreadcrumbList","@id":"https:\/\/kagenveneer.com\/vi\/product\/birch\/#breadcrumb","itemListElement":[{"@type":"ListItem","position":1,"name":"\u9996\u9801","item":"https:\/\/kagenveneer.com\/vi\/"},{"@type":"ListItem","position":2,"name":"Product","item":"https:\/\/kagenveneer.com\/shop\/"},{"@type":"ListItem","position":3,"name":"gi\u1ea5y v\u00e2n g\u1ed7","item":"https:\/\/kagenveneer.com\/vi\/product-category\/woodgrain-paper-vi\/"},{"@type":"ListItem","position":4,"name":"B\u1ea1ch d\u01b0\u01a1ng"}]},{"@type":"WebSite","@id":"https:\/\/kagenveneer.com\/vi\/#website","url":"https:\/\/kagenveneer.com\/vi\/","name":"\u5609\u6e90\u88dd\u98fe\u6750\u6599","description":"","publisher":{"@id":"https:\/\/kagenveneer.com\/vi\/#organization"},"potentialAction":[{"@type":"SearchAction","target":{"@type":"EntryPoint","urlTemplate":"https:\/\/kagenveneer.com\/vi\/?s={search_term_string}"},"query-input":"required name=search_term_string"}],"inLanguage":"vi-VN"},{"@type":"Organization","@id":"https:\/\/kagenveneer.com\/vi\/#organization","name":"\u5609\u6e90\u88dd\u98fe\u6750\u6599","url":"https:\/\/kagenveneer.com\/vi\/","logo":{"@type":"ImageObject","inLanguage":"vi-VN","@id":"https:\/\/kagenveneer.com\/vi\/#\/schema\/logo\/image\/","url":"https:\/\/kagenveneer.com\/wp-content\/uploads\/2023\/03\/kagen-696x696-1.png","contentUrl":"https:\/\/kagenveneer.com\/wp-content\/uploads\/2023\/03\/kagen-696x696-1.png","width":696,"height":696,"caption":"\u5609\u6e90\u88dd\u98fe\u6750\u6599"},"image":{"@id":"https:\/\/kagenveneer.com\/vi\/#\/schema\/logo\/image\/"}}]}},"_links":{"self":[{"href":"https:\/\/kagenveneer.com\/vi\/wp-json\/wp\/v2\/product\/2361","targetHints":{"allow":["GET"]}}],"collection":[{"href":"https:\/\/kagenveneer.com\/vi\/wp-json\/wp\/v2\/product"}],"about":[{"href":"https:\/\/kagenveneer.com\/vi\/wp-json\/wp\/v2\/types\/product"}],"wp:featuredmedia":[{"embeddable":true,"href":"https:\/\/kagenveneer.com\/vi\/wp-json\/wp\/v2\/media\/1967"}],"wp:attachment":[{"href":"https:\/\/kagenveneer.com\/vi\/wp-json\/wp\/v2\/media?parent=2361"}],"wp:term":[{"taxonomy":"product_cat","embeddable":true,"href":"https:\/\/kagenveneer.com\/vi\/wp-json\/wp\/v2\/product_cat?post=2361"},{"taxonomy":"product_tag","embeddable":true,"href":"https:\/\/kagenveneer.com\/vi\/wp-json\/wp\/v2\/product_tag?post=2361"}],"curies":[{"name":"wp","href":"https:\/\/api.w.org\/{rel}","templated":true}]}}