{"id":2520,"date":"2016-06-02T10:27:18","date_gmt":"2016-06-02T02:27:18","guid":{"rendered":"https:\/\/kagenveneer.com\/blog\/"},"modified":"2023-03-25T14:49:05","modified_gmt":"2023-03-25T06:49:05","slug":"blog","status":"publish","type":"page","link":"https:\/\/kagenveneer.com\/vi\/blog\/","title":{"rendered":"b\u00e0i vi\u1ebft"},"content":{"rendered":"<section class=\"wpb-content-wrapper\"><p>[vc_row el_class=&#8221;margin-top-70&#8243;][vc_column]<div class=\"vc_row wpb_row vc_row-fluid layout-row\"><ul class=\"blog three-columns clearfix\"><li class=\"vc_col-sm-4 wpb_column vc_column_container post post-2634 type-post status-publish format-standard has-post-thumbnail hentry category-giay-van-go-cho-quan-tai category-kagen-vi\"><a class=\"post-image\" href=\"https:\/\/kagenveneer.com\/vi\/ung-dung-giay-go-de-san-xuat-quan-tai\/\" title=\"\u1ee8ng d\u1ee5ng gi\u1ea5y g\u1ed7 \u0111\u1ec3 s\u1ea3n xu\u1ea5t quan t\u00e0i\"><img loading=\"lazy\" decoding=\"async\" width=\"480\" height=\"320\" src=\"https:\/\/kagenveneer.com\/wp-content\/uploads\/2023\/04\/woodgrain-paper-on-making-coffin-001-480x320.jpg\" class=\"attachment-big-thumb size-big-thumb wp-post-image\" alt=\"\u1ee8ng d\u1ee5ng gi\u1ea5y g\u1ed7 \u0111\u1ec3 s\u1ea3n xu\u1ea5t quan t\u00e0i\" title=\"\" srcset=\"https:\/\/kagenveneer.com\/wp-content\/uploads\/2023\/04\/woodgrain-paper-on-making-coffin-001-480x320.jpg 480w, https:\/\/kagenveneer.com\/wp-content\/uploads\/2023\/04\/woodgrain-paper-on-making-coffin-001-300x200.jpg 300w, https:\/\/kagenveneer.com\/wp-content\/uploads\/2023\/04\/woodgrain-paper-on-making-coffin-001-1024x683.jpg 1024w, https:\/\/kagenveneer.com\/wp-content\/uploads\/2023\/04\/woodgrain-paper-on-making-coffin-001-768x512.jpg 768w, https:\/\/kagenveneer.com\/wp-content\/uploads\/2023\/04\/woodgrain-paper-on-making-coffin-001-1536x1024.jpg 1536w, https:\/\/kagenveneer.com\/wp-content\/uploads\/2023\/04\/woodgrain-paper-on-making-coffin-001-2048x1365.jpg 2048w, https:\/\/kagenveneer.com\/wp-content\/uploads\/2023\/04\/woodgrain-paper-on-making-coffin-001-870x580.jpg 870w, https:\/\/kagenveneer.com\/wp-content\/uploads\/2023\/04\/woodgrain-paper-on-making-coffin-001-570x380.jpg 570w, https:\/\/kagenveneer.com\/wp-content\/uploads\/2023\/04\/woodgrain-paper-on-making-coffin-001-390x260.jpg 390w, https:\/\/kagenveneer.com\/wp-content\/uploads\/2023\/04\/woodgrain-paper-on-making-coffin-001-270x180.jpg 270w, https:\/\/kagenveneer.com\/wp-content\/uploads\/2023\/04\/woodgrain-paper-on-making-coffin-001-600x400.jpg 600w\" sizes=\"auto, (max-width: 480px) 100vw, 480px\" \/><\/a><div class=\"post-content-details-container clearfix\"><ul class=\"post-content-details\"><li>2023-04-12<\/li><li>In <a class=\"category-191\" href=\"https:\/\/kagenveneer.com\/vi\/category\/giay-van-go-cho-quan-tai\/\" title=\"Trang n\u00e0y ch\u1ee9a c\u00e1c b\u00e0i vi\u1ebft li\u00ean quan \u0111\u1ebfn &quot;Gi\u1ea5y v\u00e2n g\u1ed7 cho quan t\u00e0i&quot;. N\u1ebfu b\u1ea1n c\u00f3 b\u1ea5t k\u1ef3 nhu c\u1ea7u \u0111\u1eb7t h\u00e0ng gi\u1ea5y v\u00e2n g\u1ed7 n\u00e0o, h\u00e3y li\u00ean h\u1ec7 v\u1edbi ch\u00fang t\u00f4i t\u1ea1i &quot;Kagen&quot;, c\u1ea3m \u01a1n.\">Gi\u1ea5y v\u00e2n g\u1ed7 cho quan t\u00e0i<\/a>, <a class=\"category-172\" href=\"https:\/\/kagenveneer.com\/vi\/category\/kagen-vi\/\" title=\"Trang n\u00e0y ch\u1ee9a t\u1ea5t c\u1ea3 c\u00e1c b\u00e0i vi\u1ebft t\u1eeb Kagen. N\u1ebfu b\u1ea1n c\u00f3 b\u1ea5t k\u1ef3 nhu c\u1ea7u \u0111\u1eb7t h\u00e0ng gi\u1ea5y v\u00e2n g\u1ed7 n\u00e0o, h\u00e3y li\u00ean h\u1ec7 v\u1edbi ch\u00fang t\u00f4i, c\u1ea3m \u01a1n.\">Kagen C\u00e1c b\u00e0i vi\u1ebft tr\u00ean blog<\/a><\/li><\/ul><\/div><h4 class=\"box-header align-left\"><a href=\"https:\/\/kagenveneer.com\/vi\/ung-dung-giay-go-de-san-xuat-quan-tai\/\" title=\"\u1ee8ng d\u1ee5ng gi\u1ea5y g\u1ed7 \u0111\u1ec3 s\u1ea3n xu\u1ea5t quan t\u00e0i\">\u1ee8ng d\u1ee5ng gi\u1ea5y g\u1ed7 \u0111\u1ec3 s\u1ea3n xu\u1ea5t quan t\u00e0i<\/a><\/h4><p>Trong c\u00e1c n\u1ec1n v\u0103n h\u00f3a truy\u1ec1n th\u1ed1ng, quan t\u00e0i r\u1ea5t quan tr\u1ecdng v\u00ec ch\u00fang \u0111\u1ea1i di\u1ec7n cho s\u1ef1 t\u00f4n tr\u1ecdng v\u00e0 t\u01b0\u1edfng nh\u1edb \u0111\u1ebfn ng\u01b0\u1eddi \u0111\u00e3 khu\u1ea5t. Vi\u1ec7c l\u00e0m quan t\u00e0i y\u00eau c\u1ea7u s\u1eed d\u1ee5ng nhi\u1ec1u v\u1eadt li\u1ec7u kh\u00e1c nhau, bao g\u1ed3m g\u1ed7, kim lo\u1ea1i v\u00e0 v\u1ea3i, v\u00e0 nhi\u1ec1u h\u01a1n n\u1eefa. Tuy nhi\u00ean, m\u1ed9t v\u1eadt<\/p>\n<div class=\"vc_row wpb_row vc_row-fluid padding-top-54 padding-bottom-20\"><a title=\"xem th\u00eam\" href=\"https:\/\/kagenveneer.com\/vi\/ung-dung-giay-go-de-san-xuat-quan-tai\/\" class=\"more\"><span>xem th\u00eam<\/span><\/a><\/div><\/li><li class=\"vc_col-sm-4 wpb_column vc_column_container post post-2624 type-post status-publish format-standard has-post-thumbnail hentry category-giay-van-go-cho-noi-that-gia-dinh\"><a class=\"post-image\" href=\"https:\/\/kagenveneer.com\/vi\/ung-dung-giay-van-go-trong-nganh-san-xuat-noi-that\/\" title=\"\u1ee8ng d\u1ee5ng gi\u1ea5y v\u00e2n g\u1ed7 trong ng\u00e0nh s\u1ea3n xu\u1ea5t n\u1ed9i th\u1ea5t.\"><img loading=\"lazy\" decoding=\"async\" width=\"480\" height=\"320\" src=\"https:\/\/kagenveneer.com\/wp-content\/uploads\/2023\/03\/cedar01-480x320.jpg\" class=\"attachment-big-thumb size-big-thumb wp-post-image\" alt=\"\u1ee8ng d\u1ee5ng gi\u1ea5y v\u00e2n g\u1ed7 trong ng\u00e0nh s\u1ea3n xu\u1ea5t n\u1ed9i th\u1ea5t.\" title=\"\" srcset=\"https:\/\/kagenveneer.com\/wp-content\/uploads\/2023\/03\/cedar01-480x320.jpg 480w, https:\/\/kagenveneer.com\/wp-content\/uploads\/2023\/03\/cedar01-300x200.jpg 300w, https:\/\/kagenveneer.com\/wp-content\/uploads\/2023\/03\/cedar01-768x512.jpg 768w, https:\/\/kagenveneer.com\/wp-content\/uploads\/2023\/03\/cedar01.jpg 870w, https:\/\/kagenveneer.com\/wp-content\/uploads\/2023\/03\/cedar01-570x380.jpg 570w, https:\/\/kagenveneer.com\/wp-content\/uploads\/2023\/03\/cedar01-390x260.jpg 390w, https:\/\/kagenveneer.com\/wp-content\/uploads\/2023\/03\/cedar01-270x180.jpg 270w, https:\/\/kagenveneer.com\/wp-content\/uploads\/2023\/03\/cedar01-600x400.jpg 600w\" sizes=\"auto, (max-width: 480px) 100vw, 480px\" \/><\/a><div class=\"post-content-details-container clearfix\"><ul class=\"post-content-details\"><li>2023-04-11<\/li><li>In <a class=\"category-192\" href=\"https:\/\/kagenveneer.com\/vi\/category\/giay-van-go-cho-noi-that-gia-dinh\/\" title=\"Trang n\u00e0y ch\u1ee9a c\u00e1c b\u00e0i vi\u1ebft li\u00ean quan \u0111\u1ebfn &quot;Gi\u1ea5y v\u00e2n g\u1ed7 cho n\u1ed9i th\u1ea5t gia \u0111\u00ecnh&quot;. N\u1ebfu b\u1ea1n c\u00f3 b\u1ea5t k\u1ef3 nhu c\u1ea7u \u0111\u1eb7t h\u00e0ng gi\u1ea5y v\u00e2n g\u1ed7 n\u00e0o, h\u00e3y li\u00ean h\u1ec7 v\u1edbi ch\u00fang t\u00f4i t\u1ea1i &quot;Kagen&quot;, c\u1ea3m \u01a1n.\">Gi\u1ea5y v\u00e2n g\u1ed7 cho n\u1ed9i th\u1ea5t gia \u0111\u00ecnh<\/a><\/li><\/ul><\/div><h4 class=\"box-header align-left\"><a href=\"https:\/\/kagenveneer.com\/vi\/ung-dung-giay-van-go-trong-nganh-san-xuat-noi-that\/\" title=\"\u1ee8ng d\u1ee5ng gi\u1ea5y v\u00e2n g\u1ed7 trong ng\u00e0nh s\u1ea3n xu\u1ea5t n\u1ed9i th\u1ea5t.\">\u1ee8ng d\u1ee5ng gi\u1ea5y v\u00e2n g\u1ed7 trong ng\u00e0nh s\u1ea3n xu\u1ea5t n\u1ed9i th\u1ea5t.<\/a><\/h4><p>N\u1ebfu b\u1ea1n l\u00e0 m\u1ed9t nh\u00e0 s\u1ea3n xu\u1ea5t \u0111\u1ed3 g\u1ed7, b\u1ea1n c\u00f3 th\u1ec3 \u0111ang t\u1ef1 h\u1ecfi t\u1ea1i sao b\u1ea1n l\u1ea1i mu\u1ed1n mua gi\u1ea5y v\u00e2n g\u1ed7. Trong b\u00e0i vi\u1ebft n\u00e0y, ch\u00fang t\u00f4i s\u1ebd t\u00ecm hi\u1ec3u t\u1ea1i sao gi\u1ea5y v\u00e2n g\u1ed7 l\u00e0 r\u1ea5t quan tr\u1ecdng \u0111\u1ed1i v\u1edbi nh\u00e0 s\u1ea3n xu\u1ea5t \u0111\u1ed3 g\u1ed7 v\u00e0 nh\u1eefng l\u1ee3i \u00edch c\u1ee7a vi\u1ec7c<\/p>\n<div class=\"vc_row wpb_row vc_row-fluid padding-top-54 padding-bottom-20\"><a title=\"xem th\u00eam\" href=\"https:\/\/kagenveneer.com\/vi\/ung-dung-giay-van-go-trong-nganh-san-xuat-noi-that\/\" class=\"more\"><span>xem th\u00eam<\/span><\/a><\/div><\/li><li class=\"vc_col-sm-4 wpb_column vc_column_container post post-2584 type-post status-publish format-standard has-post-thumbnail hentry category-giay-van-go-cho-noi-that-gia-dinh category-kagen-vi\"><a class=\"post-image\" href=\"https:\/\/kagenveneer.com\/vi\/vat-lieu-day-tiem-nang-su-ung-dung-cua-giay-van-go-trong-thiet-ke-va-san-xuat-noi-that\/\" title=\"V\u1eadt li\u1ec7u \u0111\u1ea7y ti\u1ec1m n\u0103ng: S\u1ef1 \u1ee9ng d\u1ee5ng c\u1ee7a gi\u1ea5y v\u00e2n g\u1ed7 trong thi\u1ebft k\u1ebf v\u00e0 s\u1ea3n xu\u1ea5t n\u1ed9i th\u1ea5t.\"><img loading=\"lazy\" decoding=\"async\" width=\"480\" height=\"320\" src=\"https:\/\/kagenveneer.com\/wp-content\/uploads\/2023\/03\/H1-480x320.jpg\" class=\"attachment-big-thumb size-big-thumb wp-post-image\" alt=\"V\u1eadt li\u1ec7u \u0111\u1ea7y ti\u1ec1m n\u0103ng: S\u1ef1 \u1ee9ng d\u1ee5ng c\u1ee7a gi\u1ea5y v\u00e2n g\u1ed7 trong thi\u1ebft k\u1ebf v\u00e0 s\u1ea3n xu\u1ea5t n\u1ed9i th\u1ea5t.\" title=\"\" srcset=\"https:\/\/kagenveneer.com\/wp-content\/uploads\/2023\/03\/H1-480x320.jpg 480w, https:\/\/kagenveneer.com\/wp-content\/uploads\/2023\/03\/H1-300x200.jpg 300w, https:\/\/kagenveneer.com\/wp-content\/uploads\/2023\/03\/H1-768x512.jpg 768w, https:\/\/kagenveneer.com\/wp-content\/uploads\/2023\/03\/H1.jpg 870w, https:\/\/kagenveneer.com\/wp-content\/uploads\/2023\/03\/H1-570x380.jpg 570w, https:\/\/kagenveneer.com\/wp-content\/uploads\/2023\/03\/H1-390x260.jpg 390w, https:\/\/kagenveneer.com\/wp-content\/uploads\/2023\/03\/H1-270x180.jpg 270w, https:\/\/kagenveneer.com\/wp-content\/uploads\/2023\/03\/H1-600x400.jpg 600w\" sizes=\"auto, (max-width: 480px) 100vw, 480px\" \/><\/a><div class=\"post-content-details-container clearfix\"><ul class=\"post-content-details\"><li>2023-03-06<\/li><li>In <a class=\"category-192\" href=\"https:\/\/kagenveneer.com\/vi\/category\/giay-van-go-cho-noi-that-gia-dinh\/\" title=\"Trang n\u00e0y ch\u1ee9a c\u00e1c b\u00e0i vi\u1ebft li\u00ean quan \u0111\u1ebfn &quot;Gi\u1ea5y v\u00e2n g\u1ed7 cho n\u1ed9i th\u1ea5t gia \u0111\u00ecnh&quot;. N\u1ebfu b\u1ea1n c\u00f3 b\u1ea5t k\u1ef3 nhu c\u1ea7u \u0111\u1eb7t h\u00e0ng gi\u1ea5y v\u00e2n g\u1ed7 n\u00e0o, h\u00e3y li\u00ean h\u1ec7 v\u1edbi ch\u00fang t\u00f4i t\u1ea1i &quot;Kagen&quot;, c\u1ea3m \u01a1n.\">Gi\u1ea5y v\u00e2n g\u1ed7 cho n\u1ed9i th\u1ea5t gia \u0111\u00ecnh<\/a>, <a class=\"category-172\" href=\"https:\/\/kagenveneer.com\/vi\/category\/kagen-vi\/\" title=\"Trang n\u00e0y ch\u1ee9a t\u1ea5t c\u1ea3 c\u00e1c b\u00e0i vi\u1ebft t\u1eeb Kagen. N\u1ebfu b\u1ea1n c\u00f3 b\u1ea5t k\u1ef3 nhu c\u1ea7u \u0111\u1eb7t h\u00e0ng gi\u1ea5y v\u00e2n g\u1ed7 n\u00e0o, h\u00e3y li\u00ean h\u1ec7 v\u1edbi ch\u00fang t\u00f4i, c\u1ea3m \u01a1n.\">Kagen C\u00e1c b\u00e0i vi\u1ebft tr\u00ean blog<\/a><\/li><\/ul><\/div><h4 class=\"box-header align-left\"><a href=\"https:\/\/kagenveneer.com\/vi\/vat-lieu-day-tiem-nang-su-ung-dung-cua-giay-van-go-trong-thiet-ke-va-san-xuat-noi-that\/\" title=\"V\u1eadt li\u1ec7u \u0111\u1ea7y ti\u1ec1m n\u0103ng: S\u1ef1 \u1ee9ng d\u1ee5ng c\u1ee7a gi\u1ea5y v\u00e2n g\u1ed7 trong thi\u1ebft k\u1ebf v\u00e0 s\u1ea3n xu\u1ea5t n\u1ed9i th\u1ea5t.\">V\u1eadt li\u1ec7u \u0111\u1ea7y ti\u1ec1m n\u0103ng: S\u1ef1 \u1ee9ng d\u1ee5ng c\u1ee7a gi\u1ea5y v\u00e2n g\u1ed7 trong thi\u1ebft k\u1ebf v\u00e0 s\u1ea3n xu\u1ea5t n\u1ed9i th\u1ea5t.<\/a><\/h4><p>Gi\u1ea5y v\u00e2n g\u1ed7 v\u00e0 m\u1ea3nh v\u00e1n m\u1ecfng l\u00e0 nh\u1eefng v\u1eadt li\u1ec7u \u0111a n\u0103ng c\u00f3 th\u1ec3 \u0111\u01b0\u1ee3c s\u1eed d\u1ee5ng trong r\u1ea5t nhi\u1ec1u quy tr\u00ecnh thi\u1ebft k\u1ebf v\u00e0 s\u1ea3n xu\u1ea5t n\u1ed9i th\u1ea5t kh\u00e1c nhau. T\u1eeb vi\u1ec7c t\u1ea1o ra m\u1ed9t m\u1ef9 thu\u1eadt t\u1ef1 nhi\u00ean cho \u0111\u1ebfn \u0111\u1ed9 b\u1ec1n v\u00e0 t\u00ednh hi\u1ec7u qu\u1ea3 kinh t\u1ebf, vi\u1ec7c s\u1eed d\u1ee5ng gi\u1ea5y<\/p>\n<div class=\"vc_row wpb_row vc_row-fluid padding-top-54 padding-bottom-20\"><a title=\"xem th\u00eam\" href=\"https:\/\/kagenveneer.com\/vi\/vat-lieu-day-tiem-nang-su-ung-dung-cua-giay-van-go-trong-thiet-ke-va-san-xuat-noi-that\/\" class=\"more\"><span>xem th\u00eam<\/span><\/a><\/div><\/li><\/ul><ul class=\"blog three-columns clearfix\"><li class=\"vc_col-sm-4 wpb_column vc_column_container post post-2585 type-post status-publish format-standard has-post-thumbnail hentry category-kagen-vi\"><a class=\"post-image\" href=\"https:\/\/kagenveneer.com\/vi\/how-to-incorporate-woodgrain-paper-and-veneer-into-your-furniture-design\/\" title=\"How to Incorporate Woodgrain Paper and Veneer into Your Furniture Design?\"><img loading=\"lazy\" decoding=\"async\" width=\"480\" height=\"320\" src=\"https:\/\/kagenveneer.com\/wp-content\/uploads\/2023\/03\/H1-1-480x320.jpg\" class=\"attachment-big-thumb size-big-thumb wp-post-image\" alt=\"How to Incorporate Woodgrain Paper and Veneer into Your Furniture Design?\" title=\"\" srcset=\"https:\/\/kagenveneer.com\/wp-content\/uploads\/2023\/03\/H1-1-480x320.jpg 480w, https:\/\/kagenveneer.com\/wp-content\/uploads\/2023\/03\/H1-1-300x200.jpg 300w, https:\/\/kagenveneer.com\/wp-content\/uploads\/2023\/03\/H1-1-768x512.jpg 768w, https:\/\/kagenveneer.com\/wp-content\/uploads\/2023\/03\/H1-1.jpg 870w, https:\/\/kagenveneer.com\/wp-content\/uploads\/2023\/03\/H1-1-570x380.jpg 570w, https:\/\/kagenveneer.com\/wp-content\/uploads\/2023\/03\/H1-1-390x260.jpg 390w, https:\/\/kagenveneer.com\/wp-content\/uploads\/2023\/03\/H1-1-270x180.jpg 270w, https:\/\/kagenveneer.com\/wp-content\/uploads\/2023\/03\/H1-1-600x400.jpg 600w\" sizes=\"auto, (max-width: 480px) 100vw, 480px\" \/><\/a><div class=\"post-content-details-container clearfix\"><ul class=\"post-content-details\"><li>2023-03-06<\/li><li>In <a class=\"category-172\" href=\"https:\/\/kagenveneer.com\/vi\/category\/kagen-vi\/\" title=\"Trang n\u00e0y ch\u1ee9a t\u1ea5t c\u1ea3 c\u00e1c b\u00e0i vi\u1ebft t\u1eeb Kagen. N\u1ebfu b\u1ea1n c\u00f3 b\u1ea5t k\u1ef3 nhu c\u1ea7u \u0111\u1eb7t h\u00e0ng gi\u1ea5y v\u00e2n g\u1ed7 n\u00e0o, h\u00e3y li\u00ean h\u1ec7 v\u1edbi ch\u00fang t\u00f4i, c\u1ea3m \u01a1n.\">Kagen C\u00e1c b\u00e0i vi\u1ebft tr\u00ean blog<\/a><\/li><\/ul><\/div><h4 class=\"box-header align-left\"><a href=\"https:\/\/kagenveneer.com\/vi\/how-to-incorporate-woodgrain-paper-and-veneer-into-your-furniture-design\/\" title=\"How to Incorporate Woodgrain Paper and Veneer into Your Furniture Design?\">How to Incorporate Woodgrain Paper and Veneer into Your Furniture Design?<\/a><\/h4><p>Woodgrain paper and veneer are popular materials used in furniture design. They offer a natural, warm look that can enhance the aesthetic appeal of any furniture piece. In this article, we&#8217;ll explore some tips on how to incorporate woodgrain paper and veneer into your furniture design. Choose the Right Wood Species The first step in<\/p>\n<div class=\"vc_row wpb_row vc_row-fluid padding-top-54 padding-bottom-20\"><a title=\"xem th\u00eam\" href=\"https:\/\/kagenveneer.com\/vi\/how-to-incorporate-woodgrain-paper-and-veneer-into-your-furniture-design\/\" class=\"more\"><span>xem th\u00eam<\/span><\/a><\/div><\/li><\/ul><\/div>[\/vc_column][\/vc_row]<\/p>\n<\/section>","protected":false},"excerpt":{"rendered":"<p>[vc_row el_class=&#8221;margin-top-70&#8243;][vc_column][\/vc_column][\/vc_row]<\/p>\n","protected":false},"author":1,"featured_media":0,"parent":0,"menu_order":0,"comment_status":"closed","ping_status":"closed","template":"template-blog.php","meta":{"inline_featured_image":false,"footnotes":""},"class_list":["post-2520","page","type-page","status-publish","hentry"],"acf":[],"yoast_head":"<!-- This site is optimized with the Yoast SEO plugin v20.2.1 - https:\/\/yoast.com\/wordpress\/plugins\/seo\/ -->\n<title>b\u00e0i vi\u1ebft - \u5609\u6e90\u88dd\u98fe\u6750\u6599<\/title>\n<meta name=\"robots\" content=\"index, follow, max-snippet:-1, max-image-preview:large, max-video-preview:-1\" \/>\n<link rel=\"canonical\" href=\"https:\/\/kagenveneer.com\/vi\/blog\/\" \/>\n<meta property=\"og:locale\" content=\"vi_VN\" \/>\n<meta property=\"og:type\" content=\"article\" \/>\n<meta property=\"og:title\" content=\"b\u00e0i vi\u1ebft - \u5609\u6e90\u88dd\u98fe\u6750\u6599\" \/>\n<meta property=\"og:description\" content=\"[vc_row el_class=&#8221;margin-top-70&#8243;][vc_column][\/vc_column][\/vc_row]\" \/>\n<meta property=\"og:url\" content=\"https:\/\/kagenveneer.com\/vi\/blog\/\" \/>\n<meta property=\"og:site_name\" content=\"\u5609\u6e90\u88dd\u98fe\u6750\u6599\" \/>\n<meta property=\"article:modified_time\" content=\"2023-03-25T06:49:05+00:00\" \/>\n<meta property=\"og:image\" content=\"https:\/\/kagenveneer.com\/wp-content\/uploads\/2023\/03\/kagen-1200x675-1.png\" \/>\n\t<meta property=\"og:image:width\" content=\"1200\" \/>\n\t<meta property=\"og:image:height\" content=\"675\" \/>\n\t<meta property=\"og:image:type\" content=\"image\/png\" \/>\n<meta name=\"twitter:card\" content=\"summary_large_image\" \/>\n<meta name=\"twitter:label1\" content=\"Est. reading time\" \/>\n\t<meta name=\"twitter:data1\" content=\"1 minute\" \/>\n<script type=\"application\/ld+json\" class=\"yoast-schema-graph\">{\"@context\":\"https:\/\/schema.org\",\"@graph\":[{\"@type\":\"WebPage\",\"@id\":\"https:\/\/kagenveneer.com\/vi\/blog\/\",\"url\":\"https:\/\/kagenveneer.com\/vi\/blog\/\",\"name\":\"b\u00e0i vi\u1ebft - \u5609\u6e90\u88dd\u98fe\u6750\u6599\",\"isPartOf\":{\"@id\":\"https:\/\/kagenveneer.com\/vi\/#website\"},\"datePublished\":\"2016-06-02T02:27:18+00:00\",\"dateModified\":\"2023-03-25T06:49:05+00:00\",\"breadcrumb\":{\"@id\":\"https:\/\/kagenveneer.com\/vi\/blog\/#breadcrumb\"},\"inLanguage\":\"vi-VN\",\"potentialAction\":[{\"@type\":\"ReadAction\",\"target\":[\"https:\/\/kagenveneer.com\/vi\/blog\/\"]}]},{\"@type\":\"BreadcrumbList\",\"@id\":\"https:\/\/kagenveneer.com\/vi\/blog\/#breadcrumb\",\"itemListElement\":[{\"@type\":\"ListItem\",\"position\":1,\"name\":\"\u9996\u9801\",\"item\":\"https:\/\/kagenveneer.com\/vi\/\"},{\"@type\":\"ListItem\",\"position\":2,\"name\":\"b\u00e0i vi\u1ebft\"}]},{\"@type\":\"WebSite\",\"@id\":\"https:\/\/kagenveneer.com\/vi\/#website\",\"url\":\"https:\/\/kagenveneer.com\/vi\/\",\"name\":\"\u5609\u6e90\u88dd\u98fe\u6750\u6599\",\"description\":\"\",\"publisher\":{\"@id\":\"https:\/\/kagenveneer.com\/vi\/#organization\"},\"potentialAction\":[{\"@type\":\"SearchAction\",\"target\":{\"@type\":\"EntryPoint\",\"urlTemplate\":\"https:\/\/kagenveneer.com\/vi\/?s={search_term_string}\"},\"query-input\":\"required name=search_term_string\"}],\"inLanguage\":\"vi-VN\"},{\"@type\":\"Organization\",\"@id\":\"https:\/\/kagenveneer.com\/vi\/#organization\",\"name\":\"\u5609\u6e90\u88dd\u98fe\u6750\u6599\",\"url\":\"https:\/\/kagenveneer.com\/vi\/\",\"logo\":{\"@type\":\"ImageObject\",\"inLanguage\":\"vi-VN\",\"@id\":\"https:\/\/kagenveneer.com\/vi\/#\/schema\/logo\/image\/\",\"url\":\"https:\/\/kagenveneer.com\/wp-content\/uploads\/2023\/03\/kagen-696x696-1.png\",\"contentUrl\":\"https:\/\/kagenveneer.com\/wp-content\/uploads\/2023\/03\/kagen-696x696-1.png\",\"width\":696,\"height\":696,\"caption\":\"\u5609\u6e90\u88dd\u98fe\u6750\u6599\"},\"image\":{\"@id\":\"https:\/\/kagenveneer.com\/vi\/#\/schema\/logo\/image\/\"}}]}<\/script>\n<!-- \/ Yoast SEO plugin. -->","yoast_head_json":{"title":"b\u00e0i vi\u1ebft - \u5609\u6e90\u88dd\u98fe\u6750\u6599","robots":{"index":"index","follow":"follow","max-snippet":"max-snippet:-1","max-image-preview":"max-image-preview:large","max-video-preview":"max-video-preview:-1"},"canonical":"https:\/\/kagenveneer.com\/vi\/blog\/","og_locale":"vi_VN","og_type":"article","og_title":"b\u00e0i vi\u1ebft - \u5609\u6e90\u88dd\u98fe\u6750\u6599","og_description":"[vc_row el_class=&#8221;margin-top-70&#8243;][vc_column][\/vc_column][\/vc_row]","og_url":"https:\/\/kagenveneer.com\/vi\/blog\/","og_site_name":"\u5609\u6e90\u88dd\u98fe\u6750\u6599","article_modified_time":"2023-03-25T06:49:05+00:00","og_image":[{"width":1200,"height":675,"url":"https:\/\/kagenveneer.com\/wp-content\/uploads\/2023\/03\/kagen-1200x675-1.png","type":"image\/png"}],"twitter_card":"summary_large_image","twitter_misc":{"Est. reading time":"1 minute"},"schema":{"@context":"https:\/\/schema.org","@graph":[{"@type":"WebPage","@id":"https:\/\/kagenveneer.com\/vi\/blog\/","url":"https:\/\/kagenveneer.com\/vi\/blog\/","name":"b\u00e0i vi\u1ebft - \u5609\u6e90\u88dd\u98fe\u6750\u6599","isPartOf":{"@id":"https:\/\/kagenveneer.com\/vi\/#website"},"datePublished":"2016-06-02T02:27:18+00:00","dateModified":"2023-03-25T06:49:05+00:00","breadcrumb":{"@id":"https:\/\/kagenveneer.com\/vi\/blog\/#breadcrumb"},"inLanguage":"vi-VN","potentialAction":[{"@type":"ReadAction","target":["https:\/\/kagenveneer.com\/vi\/blog\/"]}]},{"@type":"BreadcrumbList","@id":"https:\/\/kagenveneer.com\/vi\/blog\/#breadcrumb","itemListElement":[{"@type":"ListItem","position":1,"name":"\u9996\u9801","item":"https:\/\/kagenveneer.com\/vi\/"},{"@type":"ListItem","position":2,"name":"b\u00e0i vi\u1ebft"}]},{"@type":"WebSite","@id":"https:\/\/kagenveneer.com\/vi\/#website","url":"https:\/\/kagenveneer.com\/vi\/","name":"\u5609\u6e90\u88dd\u98fe\u6750\u6599","description":"","publisher":{"@id":"https:\/\/kagenveneer.com\/vi\/#organization"},"potentialAction":[{"@type":"SearchAction","target":{"@type":"EntryPoint","urlTemplate":"https:\/\/kagenveneer.com\/vi\/?s={search_term_string}"},"query-input":"required name=search_term_string"}],"inLanguage":"vi-VN"},{"@type":"Organization","@id":"https:\/\/kagenveneer.com\/vi\/#organization","name":"\u5609\u6e90\u88dd\u98fe\u6750\u6599","url":"https:\/\/kagenveneer.com\/vi\/","logo":{"@type":"ImageObject","inLanguage":"vi-VN","@id":"https:\/\/kagenveneer.com\/vi\/#\/schema\/logo\/image\/","url":"https:\/\/kagenveneer.com\/wp-content\/uploads\/2023\/03\/kagen-696x696-1.png","contentUrl":"https:\/\/kagenveneer.com\/wp-content\/uploads\/2023\/03\/kagen-696x696-1.png","width":696,"height":696,"caption":"\u5609\u6e90\u88dd\u98fe\u6750\u6599"},"image":{"@id":"https:\/\/kagenveneer.com\/vi\/#\/schema\/logo\/image\/"}}]}},"_links":{"self":[{"href":"https:\/\/kagenveneer.com\/vi\/wp-json\/wp\/v2\/pages\/2520","targetHints":{"allow":["GET"]}}],"collection":[{"href":"https:\/\/kagenveneer.com\/vi\/wp-json\/wp\/v2\/pages"}],"about":[{"href":"https:\/\/kagenveneer.com\/vi\/wp-json\/wp\/v2\/types\/page"}],"author":[{"embeddable":true,"href":"https:\/\/kagenveneer.com\/vi\/wp-json\/wp\/v2\/users\/1"}],"replies":[{"embeddable":true,"href":"https:\/\/kagenveneer.com\/vi\/wp-json\/wp\/v2\/comments?post=2520"}],"version-history":[{"count":2,"href":"https:\/\/kagenveneer.com\/vi\/wp-json\/wp\/v2\/pages\/2520\/revisions"}],"predecessor-version":[{"id":2602,"href":"https:\/\/kagenveneer.com\/vi\/wp-json\/wp\/v2\/pages\/2520\/revisions\/2602"}],"wp:attachment":[{"href":"https:\/\/kagenveneer.com\/vi\/wp-json\/wp\/v2\/media?parent=2520"}],"curies":[{"name":"wp","href":"https:\/\/api.w.org\/{rel}","templated":true}]}}